{"id":35,"date":"2021-01-26T20:45:53","date_gmt":"2021-01-26T20:45:53","guid":{"rendered":"http:\/\/mmagic.uber.space\/?page_id=35"},"modified":"2023-12-28T21:21:31","modified_gmt":"2023-12-28T21:21:31","slug":"create-your-website-with-blocks","status":"publish","type":"page","link":"https:\/\/www.xn--achduliebesgrn-ssb.de\/","title":{"rendered":"Mein Blog"},"content":{"rendered":"\n<h2 class=\"wp-block-heading\">2023 Mein neues Hobby<\/h2>\n\n\n\n<figure class=\"wp-block-image size-large is-resized\"><img loading=\"lazy\" decoding=\"async\" width=\"576\" height=\"1024\" src=\"https:\/\/www.xn--achduliebesgrn-ssb.de\/wp-content\/uploads\/2023\/12\/alphorn-1-576x1024.jpg\" alt=\"\" class=\"wp-image-81\" style=\"width:324px;height:auto\" srcset=\"https:\/\/www.xn--achduliebesgrn-ssb.de\/wp-content\/uploads\/2023\/12\/alphorn-1-576x1024.jpg 576w, https:\/\/www.xn--achduliebesgrn-ssb.de\/wp-content\/uploads\/2023\/12\/alphorn-1-169x300.jpg 169w, https:\/\/www.xn--achduliebesgrn-ssb.de\/wp-content\/uploads\/2023\/12\/alphorn-1-768x1365.jpg 768w, https:\/\/www.xn--achduliebesgrn-ssb.de\/wp-content\/uploads\/2023\/12\/alphorn-1-864x1536.jpg 864w, https:\/\/www.xn--achduliebesgrn-ssb.de\/wp-content\/uploads\/2023\/12\/alphorn-1-1152x2048.jpg 1152w, https:\/\/www.xn--achduliebesgrn-ssb.de\/wp-content\/uploads\/2023\/12\/alphorn-1-1x2.jpg 1w, https:\/\/www.xn--achduliebesgrn-ssb.de\/wp-content\/uploads\/2023\/12\/alphorn-1-scaled.jpg 1440w\" sizes=\"auto, (max-width: 576px) 100vw, 576px\" \/><\/figure>\n\n\n\n<p>Die Natur mit allen Sinnen erleben, dieses Motto begleitet mich schon mein ganzes Leben. Seitdem ich diesem tollen Instrument die ersten T\u00f6ne entlocken konnte, sind mein Alphorn und ich unzertrennlich!<\/p>\n\n\n\n<h2 class=\"wp-block-heading\">2021 Neues Jahr neues Gl\u00fcck<\/h2>\n\n\n\n<figure class=\"wp-block-image\"><img loading=\"lazy\" decoding=\"async\" width=\"1024\" height=\"768\" src=\"http:\/\/mmagic.uber.space\/wp-content\/uploads\/2021\/01\/isa-1024x768.jpg\" alt=\"\" class=\"wp-image-53\" srcset=\"https:\/\/www.xn--achduliebesgrn-ssb.de\/wp-content\/uploads\/2021\/01\/isa-1024x768.jpg 1024w, https:\/\/www.xn--achduliebesgrn-ssb.de\/wp-content\/uploads\/2021\/01\/isa-300x225.jpg 300w, https:\/\/www.xn--achduliebesgrn-ssb.de\/wp-content\/uploads\/2021\/01\/isa-768x576.jpg 768w, https:\/\/www.xn--achduliebesgrn-ssb.de\/wp-content\/uploads\/2021\/01\/isa-1536x1152.jpg 1536w, https:\/\/www.xn--achduliebesgrn-ssb.de\/wp-content\/uploads\/2021\/01\/isa-1x1.jpg 1w, https:\/\/www.xn--achduliebesgrn-ssb.de\/wp-content\/uploads\/2021\/01\/isa.jpg 1600w\" sizes=\"auto, (max-width: 1024px) 100vw, 1024px\" \/><\/figure>\n\n\n\n<p>Mit meiner Schwester bin ich gerne in der Natur und esse rohe Kr\u00e4uter. Besonders begeistert mich dabei die Vielfalt der Pflanzenwelt, die uns quasi umsonst zur Verf\u00fcgung steht. Wir m\u00fcssen nur zugreifen!<\/p>\n","protected":false},"excerpt":{"rendered":"<p>2023 Mein neues Hobby Die Natur mit allen Sinnen erleben, dieses Motto begleitet mich schon mein ganzes Leben. Seitdem ich diesem tollen Instrument die ersten T\u00f6ne entlocken konnte, sind mein Alphorn und ich unzertrennlich! 2021 Neues Jahr neues Gl\u00fcck Mit meiner Schwester bin ich gerne in der Natur und esse rohe Kr\u00e4uter. Besonders begeistert mich [&hellip;]<\/p>\n","protected":false},"author":1,"featured_media":0,"parent":0,"menu_order":0,"comment_status":"closed","ping_status":"closed","template":"full-width.php","meta":{"footnotes":""},"class_list":["post-35","page","type-page","status-publish","hentry"],"_links":{"self":[{"href":"https:\/\/www.xn--achduliebesgrn-ssb.de\/index.php?rest_route=\/wp\/v2\/pages\/35","targetHints":{"allow":["GET"]}}],"collection":[{"href":"https:\/\/www.xn--achduliebesgrn-ssb.de\/index.php?rest_route=\/wp\/v2\/pages"}],"about":[{"href":"https:\/\/www.xn--achduliebesgrn-ssb.de\/index.php?rest_route=\/wp\/v2\/types\/page"}],"author":[{"embeddable":true,"href":"https:\/\/www.xn--achduliebesgrn-ssb.de\/index.php?rest_route=\/wp\/v2\/users\/1"}],"replies":[{"embeddable":true,"href":"https:\/\/www.xn--achduliebesgrn-ssb.de\/index.php?rest_route=%2Fwp%2Fv2%2Fcomments&post=35"}],"version-history":[{"count":17,"href":"https:\/\/www.xn--achduliebesgrn-ssb.de\/index.php?rest_route=\/wp\/v2\/pages\/35\/revisions"}],"predecessor-version":[{"id":82,"href":"https:\/\/www.xn--achduliebesgrn-ssb.de\/index.php?rest_route=\/wp\/v2\/pages\/35\/revisions\/82"}],"wp:attachment":[{"href":"https:\/\/www.xn--achduliebesgrn-ssb.de\/index.php?rest_route=%2Fwp%2Fv2%2Fmedia&parent=35"}],"curies":[{"name":"wp","href":"https:\/\/api.w.org\/{rel}","templated":true}]}}